{"id":51488,"date":"2021-09-13T15:04:32","date_gmt":"2021-09-13T13:04:32","guid":{"rendered":"https:\/\/www.ysb.se\/restauranter\/barer\/"},"modified":"2026-01-23T10:31:20","modified_gmt":"2026-01-23T08:31:20","slug":"bar","status":"publish","type":"page","link":"https:\/\/www.ysb.se\/da\/restauranter\/bar\/","title":{"rendered":"Barer"},"content":{"rendered":"<div class=\"fusion-fullwidth fullwidth-box fusion-builder-row-1 fusion-flex-container nonhundred-percent-fullwidth non-hundred-percent-height-scrolling\" style=\"--link_hover_color: #dfc38b;--link_color: #fff;--awb-border-color:#ffffff;--awb-border-radius-top-left:0px;--awb-border-radius-top-right:0px;--awb-border-radius-bottom-right:0px;--awb-border-radius-bottom-left:0px;--awb-padding-top:40px;--awb-padding-top-medium:19px;--awb-padding-bottom-medium:0px;--awb-margin-bottom-medium:0px;--awb-flex-wrap:wrap;\" ><div class=\"fusion-builder-row fusion-row fusion-flex-align-items-stretch fusion-flex-content-wrap\" style=\"max-width:1560px;margin-left: calc(-4% \/ 2 );margin-right: calc(-4% \/ 2 );\"><div class=\"fusion-layout-column fusion_builder_column fusion-builder-column-0 fusion_builder_column_1_1 1_1 fusion-flex-column fusion-flex-align-self-stretch\" style=\"--awb-bg-size:cover;--awb-width-large:100%;--awb-margin-top-large:0px;--awb-spacing-right-large:1.92%;--awb-margin-bottom-large:30px;--awb-spacing-left-large:1.92%;--awb-width-medium:100%;--awb-order-medium:0;--awb-spacing-right-medium:60px;--awb-spacing-left-medium:1.92%;--awb-width-small:100%;--awb-order-small:0;--awb-spacing-right-small:1.92%;--awb-spacing-left-small:1.92%;\"><div class=\"fusion-column-wrapper fusion-column-has-shadow fusion-flex-justify-content-center fusion-content-layout-column\"><div class=\"fusion-title title fusion-title-1 fusion-sep-none fusion-title-center fusion-title-text fusion-title-size-one\" style=\"--awb-margin-top-small:8px;--awb-margin-right-small:0px;--awb-margin-bottom-small:10px;--awb-margin-left-small:0px;--awb-margin-bottom-medium:10px;--awb-font-size:30px;\"><h1 class=\"fusion-title-heading title-heading-center fusion-responsive-typography-calculated\" style=\"margin:0;letter-spacing:-.3px;font-size:1em;--fontSize:30;line-height:1.2;\">Vores barer<\/h1><\/div><\/div><\/div><div class=\"fusion-layout-column fusion_builder_column fusion-builder-column-1 fusion_builder_column_1_2 1_2 fusion-flex-column\" style=\"--awb-padding-top:8vw;--awb-padding-right:6%;--awb-padding-bottom:8vw;--awb-padding-left:6%;--awb-padding-top-medium:12vw;--awb-padding-right-medium:6%;--awb-padding-bottom-medium:12vw;--awb-padding-left-medium:6%;--awb-padding-top-small:12vh;--awb-padding-right-small:6%;--awb-padding-bottom-small:12vh;--awb-padding-left-small:6%;--awb-bg-image:linear-gradient(180deg, rgba(73,73,73,0.63) 0%,rgba(53,53,53,0.4) 100%),url(https:\/\/cdn5-8e4c.kxcdn.com\/wp-content\/uploads\/2021\/09\/lido-lounge-slide_0004_IMG_3446.jpg);;--awb-bg-position:center bottom;--awb-bg-size:cover;--awb-width-large:50%;--awb-margin-top-large:0px;--awb-spacing-right-large:3.84%;--awb-margin-bottom-large:50px;--awb-spacing-left-large:3.84%;--awb-width-medium:50%;--awb-order-medium:0;--awb-spacing-right-medium:3.84%;--awb-margin-bottom-medium:20px;--awb-spacing-left-medium:3.84%;--awb-width-small:100%;--awb-order-small:0;--awb-spacing-right-small:1.92%;--awb-spacing-left-small:1.92%;\"><div class=\"fusion-column-wrapper fusion-column-has-shadow fusion-flex-justify-content-center fusion-content-layout-column fusion-column-has-bg-image\" data-bg-url=\"https:\/\/cdn5-8e4c.kxcdn.com\/wp-content\/uploads\/2021\/09\/lido-lounge-slide_0004_IMG_3446.jpg\"><div class=\"fusion-text fusion-text-1 label\" style=\"--awb-content-alignment:center;--awb-text-transform:uppercase;--awb-text-color:#fff;\"><p>DRINKS, BITES &amp; PLAY FOR ALL AGES<\/p>\n<\/div><div class=\"fusion-title title fusion-title-2 fusion-sep-none fusion-title-center fusion-title-text fusion-title-size-two\" style=\"--awb-text-color:#ffffff;--awb-margin-top-small:8px;--awb-margin-right-small:0px;--awb-margin-bottom-small:16px;--awb-margin-left-small:0px;\"><h2 class=\"fusion-title-heading title-heading-center fusion-responsive-typography-calculated\" style=\"margin:0;--fontSize:30;line-height:1.26;\">Lido Caf\u00e9<\/h2><\/div><div class=\"fusion-text fusion-text-2\" style=\"--awb-content-alignment:center;--awb-text-color:#ffffff;\"><p>Lido Caf\u00e9 er vores italienske caf\u00e9, hvor du kan nyde en kop kaffe eller en lille bid. Her finder du ogs\u00e5 vores Playground med billard, foosball, bordtennis og shuffleboard. Om aftenen forvandles caf\u00e9en til en ginbar.<\/p>\n<\/div><div style=\"text-align:center;\"><a class=\"fusion-button button-flat fusion-button-default-size button-custom fusion-button-default button-1 fusion-button-default-span fusion-button-default-type\" style=\"--button_accent_color:#ffffff;--button_border_color:var(--awb-color4);--button_accent_hover_color:var(--awb-custom10);--button_border_hover_color:var(--awb-color6);--button_gradient_top_color:rgba(237,237,237,0);--button_gradient_bottom_color:rgba(237,237,237,0);--button_gradient_top_color_hover:var(--awb-color6);--button_gradient_bottom_color_hover:var(--awb-color6);--button_margin-right:15px;--button_margin-bottom:10px;\" target=\"_self\" href=\"https:\/\/www.ysb.se\/restaurang\/lido-cafe-playground-bar\/\"><span class=\"fusion-button-text awb-button__text awb-button__text--default\">Oplev Lido Caf\u00e9<\/span><\/a><\/div><div class=\"fusion-separator fusion-full-width-sep\" style=\"align-self: center;margin-left: auto;margin-right: auto;margin-bottom:20px;width:100%;\"><\/div><\/div><\/div><div class=\"fusion-layout-column fusion_builder_column fusion-builder-column-2 fusion_builder_column_1_2 1_2 fusion-flex-column\" style=\"--awb-padding-top:8vw;--awb-padding-right:6%;--awb-padding-bottom:8vw;--awb-padding-left:6%;--awb-padding-top-medium:12vw;--awb-padding-right-medium:6%;--awb-padding-bottom-medium:12vw;--awb-padding-left-medium:6%;--awb-padding-top-small:12vh;--awb-padding-right-small:6%;--awb-padding-bottom-small:12vh;--awb-padding-left-small:6%;--awb-bg-image:linear-gradient(180deg, rgba(73,73,73,0.63) 0%,rgba(53,53,53,0.4) 100%),url(https:\/\/cdn5-8e4c.kxcdn.com\/wp-content\/uploads\/2025\/06\/port-baren.jpg);;--awb-bg-position:center bottom;--awb-bg-size:cover;--awb-width-large:50%;--awb-margin-top-large:0px;--awb-spacing-right-large:3.84%;--awb-margin-bottom-large:50px;--awb-spacing-left-large:3.84%;--awb-width-medium:50%;--awb-order-medium:0;--awb-spacing-right-medium:3.84%;--awb-margin-bottom-medium:20px;--awb-spacing-left-medium:3.84%;--awb-width-small:100%;--awb-order-small:0;--awb-spacing-right-small:1.92%;--awb-spacing-left-small:1.92%;\"><div class=\"fusion-column-wrapper fusion-column-has-shadow fusion-flex-justify-content-center fusion-content-layout-column fusion-column-has-bg-image\" data-bg-url=\"https:\/\/cdn5-8e4c.kxcdn.com\/wp-content\/uploads\/2025\/06\/port-baren.jpg\"><div class=\"fusion-text fusion-text-3 label\" style=\"--awb-content-alignment:center;--awb-text-transform:uppercase;--awb-text-color:#fff;\"><p>Cocktail bar<\/p>\n<\/div><div class=\"fusion-title title fusion-title-3 fusion-sep-none fusion-title-center fusion-title-text fusion-title-size-two\" style=\"--awb-text-color:#ffffff;--awb-margin-top-small:8px;--awb-margin-right-small:0px;--awb-margin-bottom-small:16px;--awb-margin-left-small:0px;\"><h2 class=\"fusion-title-heading title-heading-center fusion-responsive-typography-calculated\" style=\"margin:0;--fontSize:30;line-height:1.26;\">Port bar<\/h2><\/div><div class=\"fusion-text fusion-text-4\" style=\"--awb-content-alignment:center;--awb-text-color:#ffffff;\"><p>Velkommen til Baren p\u00e5 Port. Oplev vores nye bar \u2013 et levende samlingspunkt, hvor cocktails er i centrum. Her mixer vi vores egne signaturer med klassiske influenser og skaber unikke smage med en velkendt f\u00f8lelse. Perfekt til after work, en aften med vennerne eller bare en virkelig god drink i baren.<\/p>\n<\/div><div class=\"fusion-separator fusion-full-width-sep\" style=\"align-self: center;margin-left: auto;margin-right: auto;margin-bottom:20px;width:100%;\"><\/div><\/div><\/div><\/div><\/div>\n","protected":false},"excerpt":{"rendered":"","protected":false},"author":41,"featured_media":0,"parent":34310,"menu_order":0,"comment_status":"closed","ping_status":"closed","template":"100-width.php","meta":{"inline_featured_image":false,"footnotes":""},"class_list":["post-51488","page","type-page","status-publish","hentry"],"yoast_head":"<!-- This site is optimized with the Yoast SEO plugin v27.4 - https:\/\/yoast.com\/product\/yoast-seo-wordpress\/ -->\n<title>Barer | Ystad Saltsj\u00f6bad\u00ae<\/title>\n<meta name=\"robots\" content=\"index, follow, max-snippet:-1, max-image-preview:large, max-video-preview:-1\" \/>\n<link rel=\"canonical\" href=\"https:\/\/www.ysb.se\/da\/restauranter\/bar\/\" \/>\n<meta property=\"og:locale\" content=\"da_DK\" \/>\n<meta property=\"og:type\" content=\"article\" \/>\n<meta property=\"og:title\" content=\"Barer | Ystad Saltsj\u00f6bad\u00ae\" \/>\n<meta property=\"og:url\" content=\"https:\/\/www.ysb.se\/da\/restauranter\/bar\/\" \/>\n<meta property=\"og:site_name\" content=\"Ystad Saltsj\u00f6bad\u00ae\" \/>\n<meta property=\"article:publisher\" content=\"https:\/\/www.facebook.com\/ystadsaltsjobad\" \/>\n<meta property=\"article:modified_time\" content=\"2026-01-23T08:31:20+00:00\" \/>\n<meta property=\"og:image\" content=\"https:\/\/cdn5-8e4c.kxcdn.com\/wp-content\/uploads\/2021\/05\/og-image-ysb.jpg\" \/>\n\t<meta property=\"og:image:width\" content=\"1200\" \/>\n\t<meta property=\"og:image:height\" content=\"627\" \/>\n\t<meta property=\"og:image:type\" content=\"image\/jpeg\" \/>\n<meta name=\"twitter:card\" content=\"summary_large_image\" \/>\n<meta name=\"twitter:label1\" content=\"Estimeret l\u00e6setid\" \/>\n\t<meta name=\"twitter:data1\" content=\"1 minut\" \/>\n<script type=\"application\/ld+json\" class=\"yoast-schema-graph\">{\"@context\":\"https:\\\/\\\/schema.org\",\"@graph\":[{\"@type\":\"WebPage\",\"@id\":\"https:\\\/\\\/www.ysb.se\\\/da\\\/restauranter\\\/bar\\\/\",\"url\":\"https:\\\/\\\/www.ysb.se\\\/da\\\/restauranter\\\/bar\\\/\",\"name\":\"Barer | Ystad Saltsj\u00f6bad\u00ae\",\"isPartOf\":{\"@id\":\"https:\\\/\\\/www.ysb.se\\\/da\\\/#website\"},\"datePublished\":\"2021-09-13T13:04:32+00:00\",\"dateModified\":\"2026-01-23T08:31:20+00:00\",\"breadcrumb\":{\"@id\":\"https:\\\/\\\/www.ysb.se\\\/da\\\/restauranter\\\/bar\\\/#breadcrumb\"},\"inLanguage\":\"da-DK\",\"potentialAction\":[{\"@type\":\"ReadAction\",\"target\":[\"https:\\\/\\\/www.ysb.se\\\/da\\\/restauranter\\\/bar\\\/\"]}]},{\"@type\":\"BreadcrumbList\",\"@id\":\"https:\\\/\\\/www.ysb.se\\\/da\\\/restauranter\\\/bar\\\/#breadcrumb\",\"itemListElement\":[{\"@type\":\"ListItem\",\"position\":1,\"name\":\"Hem\",\"item\":\"https:\\\/\\\/www.ysb.se\\\/da\\\/\"},{\"@type\":\"ListItem\",\"position\":2,\"name\":\"Restauranter\",\"item\":\"https:\\\/\\\/www.ysb.se\\\/da\\\/restauranter\\\/\"},{\"@type\":\"ListItem\",\"position\":3,\"name\":\"Barer\"}]},{\"@type\":\"WebSite\",\"@id\":\"https:\\\/\\\/www.ysb.se\\\/da\\\/#website\",\"url\":\"https:\\\/\\\/www.ysb.se\\\/da\\\/\",\"name\":\"Ystad Saltsj\u00f6bad\u00ae\",\"description\":\"konferencer Hotel Spa\",\"potentialAction\":[{\"@type\":\"SearchAction\",\"target\":{\"@type\":\"EntryPoint\",\"urlTemplate\":\"https:\\\/\\\/www.ysb.se\\\/da\\\/?s={search_term_string}\"},\"query-input\":{\"@type\":\"PropertyValueSpecification\",\"valueRequired\":true,\"valueName\":\"search_term_string\"}}],\"inLanguage\":\"da-DK\"}]}<\/script>\n<!-- \/ Yoast SEO plugin. -->","yoast_head_json":{"title":"Barer | Ystad Saltsj\u00f6bad\u00ae","robots":{"index":"index","follow":"follow","max-snippet":"max-snippet:-1","max-image-preview":"max-image-preview:large","max-video-preview":"max-video-preview:-1"},"canonical":"https:\/\/www.ysb.se\/da\/restauranter\/bar\/","og_locale":"da_DK","og_type":"article","og_title":"Barer | Ystad Saltsj\u00f6bad\u00ae","og_url":"https:\/\/www.ysb.se\/da\/restauranter\/bar\/","og_site_name":"Ystad Saltsj\u00f6bad\u00ae","article_publisher":"https:\/\/www.facebook.com\/ystadsaltsjobad","article_modified_time":"2026-01-23T08:31:20+00:00","og_image":[{"width":1200,"height":627,"url":"https:\/\/cdn5-8e4c.kxcdn.com\/wp-content\/uploads\/2021\/05\/og-image-ysb.jpg","type":"image\/jpeg"}],"twitter_card":"summary_large_image","twitter_misc":{"Estimeret l\u00e6setid":"1 minut"},"schema":{"@context":"https:\/\/schema.org","@graph":[{"@type":"WebPage","@id":"https:\/\/www.ysb.se\/da\/restauranter\/bar\/","url":"https:\/\/www.ysb.se\/da\/restauranter\/bar\/","name":"Barer | Ystad Saltsj\u00f6bad\u00ae","isPartOf":{"@id":"https:\/\/www.ysb.se\/da\/#website"},"datePublished":"2021-09-13T13:04:32+00:00","dateModified":"2026-01-23T08:31:20+00:00","breadcrumb":{"@id":"https:\/\/www.ysb.se\/da\/restauranter\/bar\/#breadcrumb"},"inLanguage":"da-DK","potentialAction":[{"@type":"ReadAction","target":["https:\/\/www.ysb.se\/da\/restauranter\/bar\/"]}]},{"@type":"BreadcrumbList","@id":"https:\/\/www.ysb.se\/da\/restauranter\/bar\/#breadcrumb","itemListElement":[{"@type":"ListItem","position":1,"name":"Hem","item":"https:\/\/www.ysb.se\/da\/"},{"@type":"ListItem","position":2,"name":"Restauranter","item":"https:\/\/www.ysb.se\/da\/restauranter\/"},{"@type":"ListItem","position":3,"name":"Barer"}]},{"@type":"WebSite","@id":"https:\/\/www.ysb.se\/da\/#website","url":"https:\/\/www.ysb.se\/da\/","name":"Ystad Saltsj\u00f6bad\u00ae","description":"konferencer Hotel Spa","potentialAction":[{"@type":"SearchAction","target":{"@type":"EntryPoint","urlTemplate":"https:\/\/www.ysb.se\/da\/?s={search_term_string}"},"query-input":{"@type":"PropertyValueSpecification","valueRequired":true,"valueName":"search_term_string"}}],"inLanguage":"da-DK"}]}},"_links":{"self":[{"href":"https:\/\/www.ysb.se\/da\/wp-json\/wp\/v2\/pages\/51488","targetHints":{"allow":["GET"]}}],"collection":[{"href":"https:\/\/www.ysb.se\/da\/wp-json\/wp\/v2\/pages"}],"about":[{"href":"https:\/\/www.ysb.se\/da\/wp-json\/wp\/v2\/types\/page"}],"author":[{"embeddable":true,"href":"https:\/\/www.ysb.se\/da\/wp-json\/wp\/v2\/users\/41"}],"replies":[{"embeddable":true,"href":"https:\/\/www.ysb.se\/da\/wp-json\/wp\/v2\/comments?post=51488"}],"version-history":[{"count":4,"href":"https:\/\/www.ysb.se\/da\/wp-json\/wp\/v2\/pages\/51488\/revisions"}],"predecessor-version":[{"id":51493,"href":"https:\/\/www.ysb.se\/da\/wp-json\/wp\/v2\/pages\/51488\/revisions\/51493"}],"up":[{"embeddable":true,"href":"https:\/\/www.ysb.se\/da\/wp-json\/wp\/v2\/pages\/34310"}],"wp:attachment":[{"href":"https:\/\/www.ysb.se\/da\/wp-json\/wp\/v2\/media?parent=51488"}],"curies":[{"name":"wp","href":"https:\/\/api.w.org\/{rel}","templated":true}]}}