{"id":51506,"date":"2021-09-01T11:07:13","date_gmt":"2021-09-01T09:07:13","guid":{"rendered":"https:\/\/www.ysb.se\/restauranter\/port\/brunch\/"},"modified":"2026-02-11T11:17:52","modified_gmt":"2026-02-11T09:17:52","slug":"brunch","status":"publish","type":"page","link":"https:\/\/www.ysb.se\/da\/restauranter\/port\/brunch\/","title":{"rendered":"Brunch"},"content":{"rendered":"<p><div class=\"fusion-fullwidth fullwidth-box fusion-builder-row-1 fusion-flex-container fusion-parallax-none hundred-percent-fullwidth non-hundred-percent-height-scrolling\" style=\"--awb-background-position:right center;--awb-border-sizes-top:0px;--awb-border-color:#ffffff;--awb-border-radius-top-left:0px;--awb-border-radius-top-right:0px;--awb-border-radius-bottom-right:0px;--awb-border-radius-bottom-left:0px;--awb-padding-top:60px;--awb-padding-bottom:60px;--awb-margin-top:0px;--awb-margin-bottom-medium:3px;--awb-min-height:90vh;--awb-background-image:linear-gradient(180deg, rgba(43,43,43,0.52) 0%,rgba(43,43,43,0.52) 100%),url(https:\/\/cdn5-8e4c.kxcdn.com\/wp-content\/uploads\/2025\/09\/YSB-B2B-Mars25-Colour-HI-135-scaled.jpg);;--awb-background-size:cover;--awb-flex-wrap:wrap;\" ><div class=\"fusion-builder-row fusion-row fusion-flex-align-items-center fusion-flex-justify-content-center fusion-flex-content-wrap\" style=\"width:104% !important;max-width:104% !important;margin-left: calc(-4% \/ 2 );margin-right: calc(-4% \/ 2 );\"><div class=\"fusion-layout-column fusion_builder_column fusion-builder-column-0 fusion_builder_column_1_1 1_1 fusion-flex-column fusion-flex-align-self-center\" style=\"--awb-bg-size:cover;--awb-width-large:100%;--awb-margin-top-large:0px;--awb-spacing-right-large:1.92%;--awb-margin-bottom-large:30px;--awb-spacing-left-large:1.92%;--awb-width-medium:100%;--awb-order-medium:0;--awb-spacing-right-medium:60px;--awb-spacing-left-medium:1.92%;--awb-width-small:100%;--awb-order-small:0;--awb-spacing-right-small:1.92%;--awb-margin-bottom-small:10px;--awb-spacing-left-small:1.92%;\"><div class=\"fusion-column-wrapper fusion-column-has-shadow fusion-flex-justify-content-center fusion-content-layout-column\"><div class=\"fusion-text fusion-text-1 label\" style=\"--awb-content-alignment:center;--awb-text-transform:uppercase;--awb-text-color:#ffffff;\"><p>SATURDAYS &amp; SUNDAYS ARE FOR BRUNCHING<\/p>\n<\/div><div class=\"fusion-title title fusion-title-1 fusion-sep-none fusion-title-center fusion-title-text fusion-title-size-one\" style=\"--awb-text-color:#fff;--awb-margin-bottom:30px;--awb-margin-top-small:8px;--awb-margin-right-small:0px;--awb-margin-bottom-small:16px;--awb-margin-left-small:0px;\"><h1 class=\"fusion-title-heading title-heading-center fusion-responsive-typography-calculated\" style=\"margin:0;--fontSize:40;line-height:1.2;\"><em>Weekend<\/em> Brunch<\/h1><\/div><div style=\"text-align:center;\"><a class=\"fusion-button button-flat fusion-button-default-size button-default fusion-button-default button-1 fusion-button-default-span fusion-button-default-type\" target=\"_self\" id=\"table-reservation-port-brunch\"><span class=\"fusion-button-text awb-button__text awb-button__text--default\">Book bord<\/span><\/a><\/div><div id=\"widgetContainer\"><\/div>\n\n<script>\n   document\n       .getElementById(\"table-reservation-port-brunch\")\n       .addEventListener(\"click\", () => {\n           const config = {};\n           config.widgetContainerId = \"widgetContainer\";\n           config.open = true;\n           config.channelId = \"aa6643fb-81e5-4e52-b562-7ea4e6bd1fa6\";\n           config.languageCulture = \"sv-SE\";\n           config.mealId = \"59559709-a911-49ab-b062-44f363f17fa0\";\n           config.singleMeal = true;\n           config.restaurantId = \"13fac015-6af5-4870-9522-90953fc5cb4e\";\n           config.singleRestaurant = true;\n           table_reservation_widget.TableReservationWidget({ ...config });\n       });\n<\/script><\/div><\/div><\/div><\/div><div class=\"fusion-fullwidth fullwidth-box fusion-builder-row-2 fusion-flex-container has-pattern-background has-mask-background fusion-parallax-none nonhundred-percent-fullwidth non-hundred-percent-height-scrolling\" style=\"--awb-border-radius-top-left:0px;--awb-border-radius-top-right:0px;--awb-border-radius-bottom-right:0px;--awb-border-radius-bottom-left:0px;--awb-padding-top-small:60px;--awb-padding-bottom-small:49px;--awb-background-image:linear-gradient(180deg, rgba(253,248,240,0.84) 0%,rgba(253,248,240,0.84) 100%),url(https:\/\/cdn5-8e4c.kxcdn.com\/wp-content\/uploads\/2024\/04\/Texture_YSB.jpg);;--awb-background-size:cover;--awb-flex-wrap:wrap;\" ><div class=\"fusion-builder-row fusion-row fusion-flex-align-items-center fusion-flex-justify-content-space-around fusion-flex-content-wrap\" style=\"max-width:calc( 1500px + 50px );margin-left: calc(-50px \/ 2 );margin-right: calc(-50px \/ 2 );\"><div class=\"fusion-layout-column fusion_builder_column fusion-builder-column-1 fusion_builder_column_1_2 1_2 fusion-flex-column fusion-flex-align-self-stretch\" style=\"--awb-padding-top:12%;--awb-padding-right:4%;--awb-padding-bottom:12%;--awb-padding-left:4%;--awb-padding-top-small:0px;--awb-bg-size:cover;--awb-width-large:50%;--awb-margin-top-large:0px;--awb-spacing-right-large:25px;--awb-margin-bottom-large:0px;--awb-spacing-left-large:25px;--awb-width-medium:100%;--awb-order-medium:0;--awb-spacing-right-medium:25px;--awb-spacing-left-medium:25px;--awb-width-small:100%;--awb-order-small:0;--awb-spacing-right-small:25px;--awb-spacing-left-small:25px;\"><div class=\"fusion-column-wrapper fusion-column-has-shadow fusion-flex-justify-content-center fusion-content-layout-column\"><div class=\"fusion-text fusion-text-2 label\" style=\"--awb-content-alignment:center;--awb-text-transform:uppercase;\"><p>Home is where Port is<\/p>\n<\/div><div class=\"fusion-title title fusion-title-2 fusion-sep-none fusion-title-center fusion-title-text fusion-title-size-two\" style=\"--awb-margin-top-small:8px;--awb-margin-right-small:0px;--awb-margin-bottom-small:16px;--awb-margin-left-small:0px;--awb-font-size:35px;\"><h2 class=\"fusion-title-heading title-heading-center fusion-responsive-typography-calculated\" style=\"margin:0;font-size:1em;--fontSize:35;line-height:1.26;\">The <em>American <span class=\"outlook-search-highlight\" data-markjs=\"true\">Brunch<\/span> Affair<\/em><\/h2><\/div><div class=\"fusion-separator\" style=\"align-self: center;margin-left: auto;margin-right: auto;margin-top:10px;margin-bottom:20px;width:100%;max-width:75px;\"><div class=\"fusion-separator-border sep-single\" style=\"--awb-height:20px;--awb-amount:20px;--awb-sep-color:rgba(96,72,46,0.75);border-color:rgba(96,72,46,0.75);border-top-width:1px;\"><\/div><\/div><div class=\"fusion-text fusion-text-3 fusion-text-no-margin ingress\" style=\"--awb-content-alignment:center;--awb-margin-bottom:40px;\"><p data-start=\"0\" data-end=\"75\">Vi elsker brunch og mener, at hver weekend fortjener en ekstra gylden kant!<\/p>\n<p data-start=\"77\" data-end=\"331\">Velkommen til Port \u2013 her byder vi p\u00e5 amerikanske brunchklassikere og nye favoritter: mix din egen caesarsalat, nyd Eggs Benedict, friskbagte pandekager, l\u00e6kre t\u00e6rter, gode oste og meget mere. Tilf\u00f8j en mimosa eller et glas bobler for den perfekte brunch.<\/p>\n<p data-start=\"333\" data-end=\"388\">For hvad er en weekend uden brunch og guilty pleasures?<\/p>\n<p data-start=\"390\" data-end=\"409\">Vi ses i weekenden!<\/p>\n<p data-start=\"411\" data-end=\"497\"><strong data-start=\"411\" data-end=\"420\">Pris:<\/strong><br data-start=\"420\" data-end=\"423\" \/>375 kr. pr. person<br data-start=\"441\" data-end=\"444\" \/>B\u00f8rn 2\u201312 \u00e5r: 155 kr. pr. person<br data-start=\"476\" data-end=\"479\" \/>Ekskl. drikkevarer<\/p>\n<p data-start=\"499\" data-end=\"540\" data-is-last-node=\"\" data-is-only-node=\"\">Serveres l\u00f8rdage og s\u00f8ndage fra kl. 12.00<\/p>\n<\/div><div style=\"text-align:center;\"><a class=\"fusion-button button-flat fusion-button-default-size button-default fusion-button-default button-2 fusion-button-default-span fusion-button-default-type\" target=\"_self\" id=\"table-reservation-port-brunch-1\"><span class=\"fusion-button-text awb-button__text awb-button__text--default\">Book bord<\/span><\/a><\/div><div id=\"widgetContainer\"><\/div>\n\n<script>\n   document\n       .getElementById(\"table-reservation-port-brunch-1\")\n       .addEventListener(\"click\", () => {\n           const config = {};\n           config.widgetContainerId = \"widgetContainer\";\n           config.open = true;\n           config.channelId = \"aa6643fb-81e5-4e52-b562-7ea4e6bd1fa6\";\n           config.languageCulture = \"sv-SE\";\n           config.mealId = \"59559709-a911-49ab-b062-44f363f17fa0\";\n           config.singleMeal = true;\n           config.restaurantId = \"13fac015-6af5-4870-9522-90953fc5cb4e\";\n           config.singleRestaurant = true;\n           table_reservation_widget.TableReservationWidget({ ...config });\n       });\n<\/script><\/div><\/div><div class=\"fusion-layout-column fusion_builder_column fusion-builder-column-2 fusion-flex-column fusion-flex-align-self-stretch\" style=\"--awb-bg-position:center top;--awb-bg-size:cover;--awb-width-large:50%;--awb-margin-top-large:0px;--awb-spacing-right-large:25px;--awb-margin-bottom-large:0px;--awb-spacing-left-large:25px;--awb-width-medium:100%;--awb-order-medium:0;--awb-spacing-right-medium:25px;--awb-spacing-left-medium:25px;--awb-width-small:100%;--awb-order-small:2;--awb-spacing-right-small:25px;--awb-spacing-left-small:25px;\"><div class=\"fusion-column-wrapper fusion-column-has-shadow fusion-flex-justify-content-center fusion-content-layout-column\"><div class=\"fusion-image-element sm-text-align-center\" style=\"--awb-aspect-ratio:5 \/ 4;--awb-caption-title-font-family:var(--h2_typography-font-family);--awb-caption-title-font-weight:var(--h2_typography-font-weight);--awb-caption-title-font-style:var(--h2_typography-font-style);--awb-caption-title-size:var(--h2_typography-font-size);--awb-caption-title-transform:var(--h2_typography-text-transform);--awb-caption-title-line-height:var(--h2_typography-line-height);--awb-caption-title-letter-spacing:var(--h2_typography-letter-spacing);\"><span class=\" fusion-imageframe imageframe-none imageframe-1 hover-type-none has-aspect-ratio\"><img decoding=\"async\" width=\"680\" height=\"869\" title=\"Brunch\" src=\"https:\/\/cdn5-8e4c.kxcdn.com\/wp-content\/uploads\/2024\/11\/Brunch.png\" class=\"img-responsive wp-image-45982 img-with-aspect-ratio\" data-parent-fit=\"cover\" data-parent-container=\".fusion-image-element\" alt srcset=\"https:\/\/cdn5-8e4c.kxcdn.com\/wp-content\/uploads\/2024\/11\/Brunch-200x256.png 200w, https:\/\/cdn5-8e4c.kxcdn.com\/wp-content\/uploads\/2024\/11\/Brunch-400x511.png 400w, https:\/\/cdn5-8e4c.kxcdn.com\/wp-content\/uploads\/2024\/11\/Brunch-600x767.png 600w, https:\/\/cdn5-8e4c.kxcdn.com\/wp-content\/uploads\/2024\/11\/Brunch.png 680w\" sizes=\"(max-width: 1024px) 100vw, (max-width: 790px) 100vw, 680px\" \/><\/span><\/div><\/div><\/div><\/div><\/div><\/p>\n","protected":false},"excerpt":{"rendered":"","protected":false},"author":41,"featured_media":38261,"parent":51480,"menu_order":0,"comment_status":"closed","ping_status":"closed","template":"100-width.php","meta":{"inline_featured_image":false,"footnotes":""},"class_list":["post-51506","page","type-page","status-publish","has-post-thumbnail","hentry"],"yoast_head":"<!-- This site is optimized with the Yoast SEO plugin v27.4 - https:\/\/yoast.com\/product\/yoast-seo-wordpress\/ -->\n<title>Brunch &#8211; Ystad Saltsj\u00f6bad\u00ae<\/title>\n<meta name=\"description\" content=\"Den behagelige atmosf\u00e6re, musikken, latteren, den liflige lyd af en flaske iskold bobler, der poppes \u2013 og duften af friskbagte pandekager.\" \/>\n<meta name=\"robots\" content=\"index, follow, max-snippet:-1, max-image-preview:large, max-video-preview:-1\" \/>\n<link rel=\"canonical\" href=\"https:\/\/www.ysb.se\/da\/restauranter\/port\/brunch\/\" \/>\n<meta property=\"og:locale\" content=\"da_DK\" \/>\n<meta property=\"og:type\" content=\"article\" \/>\n<meta property=\"og:title\" content=\"Brunch &#8211; Ystad Saltsj\u00f6bad\u00ae\" \/>\n<meta property=\"og:description\" content=\"Den behagelige atmosf\u00e6re, musikken, latteren, den liflige lyd af en flaske iskold bobler, der poppes \u2013 og duften af friskbagte pandekager.\" \/>\n<meta property=\"og:url\" content=\"https:\/\/www.ysb.se\/da\/restauranter\/port\/brunch\/\" \/>\n<meta property=\"og:site_name\" content=\"Ystad Saltsj\u00f6bad\u00ae\" \/>\n<meta property=\"article:publisher\" content=\"https:\/\/www.facebook.com\/ystadsaltsjobad\" \/>\n<meta property=\"article:modified_time\" content=\"2026-02-11T09:17:52+00:00\" \/>\n<meta property=\"og:image\" content=\"https:\/\/cdn5-8e4c.kxcdn.com\/wp-content\/uploads\/2022\/10\/brunch-3.jpg\" \/>\n\t<meta property=\"og:image:width\" content=\"1200\" \/>\n\t<meta property=\"og:image:height\" content=\"630\" \/>\n\t<meta property=\"og:image:type\" content=\"image\/jpeg\" \/>\n<meta name=\"twitter:card\" content=\"summary_large_image\" \/>\n<meta name=\"twitter:label1\" content=\"Estimeret l\u00e6setid\" \/>\n\t<meta name=\"twitter:data1\" content=\"1 minut\" \/>\n<script type=\"application\/ld+json\" class=\"yoast-schema-graph\">{\"@context\":\"https:\\\/\\\/schema.org\",\"@graph\":[{\"@type\":\"WebPage\",\"@id\":\"https:\\\/\\\/www.ysb.se\\\/da\\\/restauranter\\\/port\\\/brunch\\\/\",\"url\":\"https:\\\/\\\/www.ysb.se\\\/da\\\/restauranter\\\/port\\\/brunch\\\/\",\"name\":\"Brunch &#8211; Ystad Saltsj\u00f6bad\u00ae\",\"isPartOf\":{\"@id\":\"https:\\\/\\\/www.ysb.se\\\/da\\\/#website\"},\"primaryImageOfPage\":{\"@id\":\"https:\\\/\\\/www.ysb.se\\\/da\\\/restauranter\\\/port\\\/brunch\\\/#primaryimage\"},\"image\":{\"@id\":\"https:\\\/\\\/www.ysb.se\\\/da\\\/restauranter\\\/port\\\/brunch\\\/#primaryimage\"},\"thumbnailUrl\":\"https:\\\/\\\/www.ysb.se\\\/wp-content\\\/uploads\\\/2022\\\/10\\\/brunch-3.jpg\",\"datePublished\":\"2021-09-01T09:07:13+00:00\",\"dateModified\":\"2026-02-11T09:17:52+00:00\",\"description\":\"Den behagelige atmosf\u00e6re, musikken, latteren, den liflige lyd af en flaske iskold bobler, der poppes \u2013 og duften af friskbagte pandekager.\",\"breadcrumb\":{\"@id\":\"https:\\\/\\\/www.ysb.se\\\/da\\\/restauranter\\\/port\\\/brunch\\\/#breadcrumb\"},\"inLanguage\":\"da-DK\",\"potentialAction\":[{\"@type\":\"ReadAction\",\"target\":[\"https:\\\/\\\/www.ysb.se\\\/da\\\/restauranter\\\/port\\\/brunch\\\/\"]}]},{\"@type\":\"ImageObject\",\"inLanguage\":\"da-DK\",\"@id\":\"https:\\\/\\\/www.ysb.se\\\/da\\\/restauranter\\\/port\\\/brunch\\\/#primaryimage\",\"url\":\"https:\\\/\\\/www.ysb.se\\\/wp-content\\\/uploads\\\/2022\\\/10\\\/brunch-3.jpg\",\"contentUrl\":\"https:\\\/\\\/www.ysb.se\\\/wp-content\\\/uploads\\\/2022\\\/10\\\/brunch-3.jpg\",\"width\":1200,\"height\":630,\"caption\":\"port Lunchmeny Boka bord Ystad Saltsj\u00f6bad\"},{\"@type\":\"BreadcrumbList\",\"@id\":\"https:\\\/\\\/www.ysb.se\\\/da\\\/restauranter\\\/port\\\/brunch\\\/#breadcrumb\",\"itemListElement\":[{\"@type\":\"ListItem\",\"position\":1,\"name\":\"Hem\",\"item\":\"https:\\\/\\\/www.ysb.se\\\/da\\\/\"},{\"@type\":\"ListItem\",\"position\":2,\"name\":\"Restauranter\",\"item\":\"https:\\\/\\\/www.ysb.se\\\/da\\\/restauranter\\\/\"},{\"@type\":\"ListItem\",\"position\":3,\"name\":\"Restaurant Port\",\"item\":\"https:\\\/\\\/www.ysb.se\\\/da\\\/restauranter\\\/port\\\/\"},{\"@type\":\"ListItem\",\"position\":4,\"name\":\"Brunch\"}]},{\"@type\":\"WebSite\",\"@id\":\"https:\\\/\\\/www.ysb.se\\\/da\\\/#website\",\"url\":\"https:\\\/\\\/www.ysb.se\\\/da\\\/\",\"name\":\"Ystad Saltsj\u00f6bad\u00ae\",\"description\":\"konferencer Hotel Spa\",\"potentialAction\":[{\"@type\":\"SearchAction\",\"target\":{\"@type\":\"EntryPoint\",\"urlTemplate\":\"https:\\\/\\\/www.ysb.se\\\/da\\\/?s={search_term_string}\"},\"query-input\":{\"@type\":\"PropertyValueSpecification\",\"valueRequired\":true,\"valueName\":\"search_term_string\"}}],\"inLanguage\":\"da-DK\"}]}<\/script>\n<!-- \/ Yoast SEO plugin. -->","yoast_head_json":{"title":"Brunch &#8211; Ystad Saltsj\u00f6bad\u00ae","description":"Den behagelige atmosf\u00e6re, musikken, latteren, den liflige lyd af en flaske iskold bobler, der poppes \u2013 og duften af friskbagte pandekager.","robots":{"index":"index","follow":"follow","max-snippet":"max-snippet:-1","max-image-preview":"max-image-preview:large","max-video-preview":"max-video-preview:-1"},"canonical":"https:\/\/www.ysb.se\/da\/restauranter\/port\/brunch\/","og_locale":"da_DK","og_type":"article","og_title":"Brunch &#8211; Ystad Saltsj\u00f6bad\u00ae","og_description":"Den behagelige atmosf\u00e6re, musikken, latteren, den liflige lyd af en flaske iskold bobler, der poppes \u2013 og duften af friskbagte pandekager.","og_url":"https:\/\/www.ysb.se\/da\/restauranter\/port\/brunch\/","og_site_name":"Ystad Saltsj\u00f6bad\u00ae","article_publisher":"https:\/\/www.facebook.com\/ystadsaltsjobad","article_modified_time":"2026-02-11T09:17:52+00:00","og_image":[{"width":1200,"height":630,"url":"https:\/\/cdn5-8e4c.kxcdn.com\/wp-content\/uploads\/2022\/10\/brunch-3.jpg","type":"image\/jpeg"}],"twitter_card":"summary_large_image","twitter_misc":{"Estimeret l\u00e6setid":"1 minut"},"schema":{"@context":"https:\/\/schema.org","@graph":[{"@type":"WebPage","@id":"https:\/\/www.ysb.se\/da\/restauranter\/port\/brunch\/","url":"https:\/\/www.ysb.se\/da\/restauranter\/port\/brunch\/","name":"Brunch &#8211; Ystad Saltsj\u00f6bad\u00ae","isPartOf":{"@id":"https:\/\/www.ysb.se\/da\/#website"},"primaryImageOfPage":{"@id":"https:\/\/www.ysb.se\/da\/restauranter\/port\/brunch\/#primaryimage"},"image":{"@id":"https:\/\/www.ysb.se\/da\/restauranter\/port\/brunch\/#primaryimage"},"thumbnailUrl":"https:\/\/cdn5-8e4c.kxcdn.com\/wp-content\/uploads\/2022\/10\/brunch-3.jpg","datePublished":"2021-09-01T09:07:13+00:00","dateModified":"2026-02-11T09:17:52+00:00","description":"Den behagelige atmosf\u00e6re, musikken, latteren, den liflige lyd af en flaske iskold bobler, der poppes \u2013 og duften af friskbagte pandekager.","breadcrumb":{"@id":"https:\/\/www.ysb.se\/da\/restauranter\/port\/brunch\/#breadcrumb"},"inLanguage":"da-DK","potentialAction":[{"@type":"ReadAction","target":["https:\/\/www.ysb.se\/da\/restauranter\/port\/brunch\/"]}]},{"@type":"ImageObject","inLanguage":"da-DK","@id":"https:\/\/www.ysb.se\/da\/restauranter\/port\/brunch\/#primaryimage","url":"https:\/\/cdn5-8e4c.kxcdn.com\/wp-content\/uploads\/2022\/10\/brunch-3.jpg","contentUrl":"https:\/\/cdn5-8e4c.kxcdn.com\/wp-content\/uploads\/2022\/10\/brunch-3.jpg","width":1200,"height":630,"caption":"port Lunchmeny Boka bord Ystad Saltsj\u00f6bad"},{"@type":"BreadcrumbList","@id":"https:\/\/www.ysb.se\/da\/restauranter\/port\/brunch\/#breadcrumb","itemListElement":[{"@type":"ListItem","position":1,"name":"Hem","item":"https:\/\/www.ysb.se\/da\/"},{"@type":"ListItem","position":2,"name":"Restauranter","item":"https:\/\/www.ysb.se\/da\/restauranter\/"},{"@type":"ListItem","position":3,"name":"Restaurant Port","item":"https:\/\/www.ysb.se\/da\/restauranter\/port\/"},{"@type":"ListItem","position":4,"name":"Brunch"}]},{"@type":"WebSite","@id":"https:\/\/www.ysb.se\/da\/#website","url":"https:\/\/www.ysb.se\/da\/","name":"Ystad Saltsj\u00f6bad\u00ae","description":"konferencer Hotel Spa","potentialAction":[{"@type":"SearchAction","target":{"@type":"EntryPoint","urlTemplate":"https:\/\/www.ysb.se\/da\/?s={search_term_string}"},"query-input":{"@type":"PropertyValueSpecification","valueRequired":true,"valueName":"search_term_string"}}],"inLanguage":"da-DK"}]}},"_links":{"self":[{"href":"https:\/\/www.ysb.se\/da\/wp-json\/wp\/v2\/pages\/51506","targetHints":{"allow":["GET"]}}],"collection":[{"href":"https:\/\/www.ysb.se\/da\/wp-json\/wp\/v2\/pages"}],"about":[{"href":"https:\/\/www.ysb.se\/da\/wp-json\/wp\/v2\/types\/page"}],"author":[{"embeddable":true,"href":"https:\/\/www.ysb.se\/da\/wp-json\/wp\/v2\/users\/41"}],"replies":[{"embeddable":true,"href":"https:\/\/www.ysb.se\/da\/wp-json\/wp\/v2\/comments?post=51506"}],"version-history":[{"count":5,"href":"https:\/\/www.ysb.se\/da\/wp-json\/wp\/v2\/pages\/51506\/revisions"}],"predecessor-version":[{"id":51824,"href":"https:\/\/www.ysb.se\/da\/wp-json\/wp\/v2\/pages\/51506\/revisions\/51824"}],"up":[{"embeddable":true,"href":"https:\/\/www.ysb.se\/da\/wp-json\/wp\/v2\/pages\/51480"}],"wp:featuredmedia":[{"embeddable":true,"href":"https:\/\/www.ysb.se\/da\/wp-json\/wp\/v2\/media\/38261"}],"wp:attachment":[{"href":"https:\/\/www.ysb.se\/da\/wp-json\/wp\/v2\/media?parent=51506"}],"curies":[{"name":"wp","href":"https:\/\/api.w.org\/{rel}","templated":true}]}}