{"id":51532,"date":"2021-08-26T13:40:44","date_gmt":"2021-08-26T11:40:44","guid":{"rendered":"https:\/\/www.ysb.se\/spa\/dagspa\/"},"modified":"2026-02-11T10:09:36","modified_gmt":"2026-02-11T08:09:36","slug":"dagspa","status":"publish","type":"page","link":"https:\/\/www.ysb.se\/da\/spa\/dagspa\/","title":{"rendered":"Day pass"},"content":{"rendered":"<p><div class=\"fusion-fullwidth fullwidth-box fusion-builder-row-1 fusion-flex-container fusion-parallax-none hundred-percent-fullwidth non-hundred-percent-height-scrolling\" style=\"--awb-border-color:#ffffff;--awb-border-radius-top-left:0px;--awb-border-radius-top-right:0px;--awb-border-radius-bottom-right:0px;--awb-border-radius-bottom-left:0px;--awb-margin-bottom-medium:3px;--awb-min-height:90vh;--awb-min-height-medium:50vh;--awb-min-height-small:30vh;--awb-background-image:linear-gradient(180deg, rgba(43,43,43,0.39) 0%,rgba(43,43,43,0.39) 100%),url(https:\/\/cdn5-8e4c.kxcdn.com\/wp-content\/uploads\/2021\/09\/lido-lounge.-slide_0009_DSC_0663.jpg);;--awb-background-size:cover;--awb-flex-wrap:wrap;\" ><div class=\"fusion-builder-row fusion-row fusion-flex-align-items-center fusion-flex-justify-content-center fusion-flex-content-wrap\" style=\"width:104% !important;max-width:104% !important;margin-left: calc(-4% \/ 2 );margin-right: calc(-4% \/ 2 );\"><div class=\"fusion-layout-column fusion_builder_column fusion-builder-column-0 fusion_builder_column_1_1 1_1 fusion-flex-column fusion-flex-align-self-center\" style=\"--awb-bg-size:cover;--awb-width-large:100%;--awb-margin-top-large:0px;--awb-spacing-right-large:1.92%;--awb-margin-bottom-large:0px;--awb-spacing-left-large:1.92%;--awb-width-medium:100%;--awb-order-medium:0;--awb-spacing-right-medium:60px;--awb-spacing-left-medium:1.92%;--awb-width-small:100%;--awb-order-small:0;--awb-spacing-right-small:1.92%;--awb-margin-bottom-small:10px;--awb-spacing-left-small:1.92%;\"><div class=\"fusion-column-wrapper fusion-column-has-shadow fusion-flex-justify-content-center fusion-content-layout-column\"><div class=\"fusion-text fusion-text-1 label\" style=\"--awb-content-alignment:center;--awb-text-transform:uppercase;--awb-text-color:var(--awb-color4);\"><p>A DAY OF TOTAL RELAXATION<\/p>\n<\/div><div class=\"fusion-title title fusion-title-1 fusion-sep-none fusion-title-center fusion-title-text fusion-title-size-one\" style=\"--awb-text-color:var(--awb-color4);--awb-margin-top-small:8px;--awb-margin-right-small:0px;--awb-margin-bottom-small:10px;--awb-margin-left-small:0px;--awb-margin-bottom-medium:10px;\"><h1 class=\"fusion-title-heading title-heading-center fusion-responsive-typography-calculated\" style=\"margin:0;--fontSize:40;line-height:1.2;\"><em>Dagspa<\/em> p\u00e5 Ystad Saltsj\u00f6bad<\/h1><\/div><\/div><\/div><\/div><\/div><div id=\"online\" class=\"fusion-container-anchor\"><div class=\"fusion-fullwidth fullwidth-box fusion-builder-row-2 fusion-flex-container has-pattern-background has-mask-background fusion-parallax-none nonhundred-percent-fullwidth non-hundred-percent-height-scrolling\" style=\"--awb-border-radius-top-left:0px;--awb-border-radius-top-right:0px;--awb-border-radius-bottom-right:0px;--awb-border-radius-bottom-left:0px;--awb-background-image:linear-gradient(180deg, rgba(253,248,240,0.84) 0%,rgba(253,248,240,0.84) 100%),url(https:\/\/cdn5-8e4c.kxcdn.com\/wp-content\/uploads\/2024\/04\/Texture_YSB.jpg);;--awb-background-size:cover;--awb-flex-wrap:wrap;\" ><div class=\"fusion-builder-row fusion-row fusion-flex-align-items-flex-start fusion-flex-justify-content-space-evenly fusion-flex-content-wrap\" style=\"max-width:calc( 1500px + 50px );margin-left: calc(-50px \/ 2 );margin-right: calc(-50px \/ 2 );\"><div class=\"fusion-layout-column fusion_builder_column fusion-builder-column-1 fusion_builder_column_1_2 1_2 fusion-flex-column fusion-flex-align-self-stretch\" style=\"--awb-bg-position:center center;--awb-bg-size:cover;--awb-width-large:50%;--awb-margin-top-large:0px;--awb-spacing-right-large:25px;--awb-margin-bottom-large:0px;--awb-spacing-left-large:25px;--awb-width-medium:100%;--awb-order-medium:0;--awb-spacing-right-medium:25px;--awb-spacing-left-medium:25px;--awb-width-small:100%;--awb-order-small:2;--awb-spacing-right-small:25px;--awb-spacing-left-small:25px;\"><div class=\"fusion-column-wrapper fusion-column-has-shadow fusion-flex-justify-content-flex-start fusion-content-layout-column\"><div class=\"fusion-image-element \" style=\"--awb-aspect-ratio:5 \/ 4;--awb-caption-title-font-family:var(--h2_typography-font-family);--awb-caption-title-font-weight:var(--h2_typography-font-weight);--awb-caption-title-font-style:var(--h2_typography-font-style);--awb-caption-title-size:var(--h2_typography-font-size);--awb-caption-title-transform:var(--h2_typography-text-transform);--awb-caption-title-line-height:var(--h2_typography-line-height);--awb-caption-title-letter-spacing:var(--h2_typography-letter-spacing);\"><span class=\" fusion-imageframe imageframe-none imageframe-1 hover-type-none has-aspect-ratio\"><img decoding=\"async\" width=\"2200\" height=\"1467\" title=\"spa-ritualer-ystad-slide\" src=\"https:\/\/cdn5-8e4c.kxcdn.com\/wp-content\/uploads\/2021\/08\/spa-ritualer-ystad-slide.jpg\" class=\"img-responsive wp-image-31735 img-with-aspect-ratio\" data-parent-fit=\"cover\" data-parent-container=\".fusion-image-element\" alt srcset=\"https:\/\/cdn5-8e4c.kxcdn.com\/wp-content\/uploads\/2021\/08\/spa-ritualer-ystad-slide-200x133.jpg 200w, https:\/\/cdn5-8e4c.kxcdn.com\/wp-content\/uploads\/2021\/08\/spa-ritualer-ystad-slide-400x267.jpg 400w, https:\/\/cdn5-8e4c.kxcdn.com\/wp-content\/uploads\/2021\/08\/spa-ritualer-ystad-slide-600x400.jpg 600w, https:\/\/cdn5-8e4c.kxcdn.com\/wp-content\/uploads\/2021\/08\/spa-ritualer-ystad-slide-800x533.jpg 800w, https:\/\/cdn5-8e4c.kxcdn.com\/wp-content\/uploads\/2021\/08\/spa-ritualer-ystad-slide-1200x800.jpg 1200w, https:\/\/cdn5-8e4c.kxcdn.com\/wp-content\/uploads\/2021\/08\/spa-ritualer-ystad-slide.jpg 2200w\" sizes=\"(max-width: 1024px) 100vw, (max-width: 790px) 100vw, 800px\" \/><\/span><\/div><\/div><\/div><div class=\"fusion-layout-column fusion_builder_column fusion-builder-column-2 fusion_builder_column_2_5 2_5 fusion-flex-column fusion-flex-align-self-stretch\" style=\"--awb-padding-top:12%;--awb-padding-right:4%;--awb-padding-bottom:12%;--awb-padding-left:4%;--awb-padding-top-small:0px;--awb-bg-size:cover;--awb-width-large:40%;--awb-margin-top-large:0px;--awb-spacing-right-large:25px;--awb-margin-bottom-large:0px;--awb-spacing-left-large:25px;--awb-width-medium:100%;--awb-order-medium:0;--awb-spacing-right-medium:25px;--awb-spacing-left-medium:25px;--awb-width-small:100%;--awb-order-small:0;--awb-spacing-right-small:25px;--awb-spacing-left-small:25px;\"><div class=\"fusion-column-wrapper fusion-column-has-shadow fusion-flex-justify-content-center fusion-content-layout-column\"><div class=\"fusion-text fusion-text-2 label\" style=\"--awb-content-alignment:center;--awb-text-transform:uppercase;\"><p>CHECK IN FOR THE DAY<\/p>\n<\/div><div class=\"fusion-title title fusion-title-2 fusion-sep-none fusion-title-center fusion-title-text fusion-title-size-two\" style=\"--awb-margin-top-small:8px;--awb-margin-right-small:0px;--awb-margin-bottom-small:10px;--awb-margin-left-small:0px;--awb-margin-bottom-medium:10px;\"><h2 class=\"fusion-title-heading title-heading-center fusion-responsive-typography-calculated\" style=\"margin:0;--fontSize:30;line-height:1.26;\">Dagsoplevelser i <em>Lido Club &amp; Spa<\/em><\/h2><\/div><div class=\"fusion-separator\" style=\"align-self: center;margin-left: auto;margin-right: auto;margin-top:10px;margin-bottom:20px;width:100%;max-width:75px;\"><div class=\"fusion-separator-border sep-single\" style=\"--awb-height:20px;--awb-amount:20px;--awb-sep-color:rgba(96,72,46,0.75);border-color:rgba(96,72,46,0.75);border-top-width:1px;\"><\/div><\/div><div class=\"fusion-text fusion-text-3 fusion-text-no-margin ingress\" style=\"--awb-content-alignment:center;--awb-margin-bottom:40px;\"><p>Lido Club &amp; Spa er et sted, du simpelthen ikke m\u00e5 g\u00e5 glip af. En Pool Club med alt, hvad du beh\u00f8ver til en perfekt lille getaway. Fl\u00f8jlsbl\u00f8de pools \u2013 b\u00e5de indend\u00f8rs og udend\u00f8rs. Jacuzzi, koldbad, saunaer, forfriskende drinks og ikke mindst virkelig god mad, som du kan bestille direkte til loungesengen.<\/p>\n<\/div><div style=\"text-align:center;\"><a class=\"fusion-button button-flat fusion-button-default-size button-custom fusion-button-default button-1 fusion-button-default-span fusion-button-default-type\" style=\"--button_accent_color:#ffffff;--button_accent_hover_color:#ffffff;--button_border_hover_color:#ffffff;--button_gradient_top_color:var(--awb-color8);--button_gradient_bottom_color:var(--awb-color8);--button_gradient_top_color_hover:var(--awb-color6);--button_gradient_bottom_color_hover:var(--awb-color6);\" target=\"_self\" href=\"https:\/\/booking.ysb.se\/se\/standalone-extras\"><span class=\"fusion-button-text awb-button__text awb-button__text--default\">Book dagspa<\/span><\/a><\/div><\/div><\/div><\/div><\/div><\/div><\/p>\n","protected":false},"excerpt":{"rendered":"","protected":false},"author":41,"featured_media":0,"parent":51444,"menu_order":0,"comment_status":"closed","ping_status":"closed","template":"100-width.php","meta":{"inline_featured_image":false,"footnotes":""},"class_list":["post-51532","page","type-page","status-publish","hentry"],"yoast_head":"<!-- This site is optimized with the Yoast SEO plugin v27.4 - https:\/\/yoast.com\/product\/yoast-seo-wordpress\/ -->\n<title>Dagspa-oplevelser | Ystad Saltsj\u00f6bad\u00ae<\/title>\n<meta name=\"description\" content=\"Nyd dagspa med eller uden behandling p\u00e5 Ystad Saltsj\u00f6bad i Sk\u00e5ne. \u2713 Book nemt online\" \/>\n<meta name=\"robots\" content=\"index, follow, max-snippet:-1, max-image-preview:large, max-video-preview:-1\" \/>\n<link rel=\"canonical\" href=\"https:\/\/www.ysb.se\/da\/spa\/dagspa\/\" \/>\n<meta property=\"og:locale\" content=\"da_DK\" \/>\n<meta property=\"og:type\" content=\"article\" \/>\n<meta property=\"og:title\" content=\"Dagspa-oplevelser | Ystad Saltsj\u00f6bad\u00ae\" \/>\n<meta property=\"og:description\" content=\"Nyd dagspa med eller uden behandling p\u00e5 Ystad Saltsj\u00f6bad i Sk\u00e5ne. \u2713 Book nemt online\" \/>\n<meta property=\"og:url\" content=\"https:\/\/www.ysb.se\/da\/spa\/dagspa\/\" \/>\n<meta property=\"og:site_name\" content=\"Ystad Saltsj\u00f6bad\u00ae\" \/>\n<meta property=\"article:publisher\" content=\"https:\/\/www.facebook.com\/ystadsaltsjobad\" \/>\n<meta property=\"article:modified_time\" content=\"2026-02-11T08:09:36+00:00\" \/>\n<meta property=\"og:image\" content=\"https:\/\/cdn5-8e4c.kxcdn.com\/wp-content\/uploads\/2021\/05\/og-image-ysb.jpg\" \/>\n\t<meta property=\"og:image:width\" content=\"1200\" \/>\n\t<meta property=\"og:image:height\" content=\"627\" \/>\n\t<meta property=\"og:image:type\" content=\"image\/jpeg\" \/>\n<meta name=\"twitter:card\" content=\"summary_large_image\" \/>\n<meta name=\"twitter:label1\" content=\"Estimeret l\u00e6setid\" \/>\n\t<meta name=\"twitter:data1\" content=\"1 minut\" \/>\n<script type=\"application\/ld+json\" class=\"yoast-schema-graph\">{\"@context\":\"https:\\\/\\\/schema.org\",\"@graph\":[{\"@type\":\"WebPage\",\"@id\":\"https:\\\/\\\/www.ysb.se\\\/da\\\/spa\\\/dagspa\\\/\",\"url\":\"https:\\\/\\\/www.ysb.se\\\/da\\\/spa\\\/dagspa\\\/\",\"name\":\"Dagspa-oplevelser | Ystad Saltsj\u00f6bad\u00ae\",\"isPartOf\":{\"@id\":\"https:\\\/\\\/www.ysb.se\\\/da\\\/#website\"},\"datePublished\":\"2021-08-26T11:40:44+00:00\",\"dateModified\":\"2026-02-11T08:09:36+00:00\",\"description\":\"Nyd dagspa med eller uden behandling p\u00e5 Ystad Saltsj\u00f6bad i Sk\u00e5ne. \u2713 Book nemt online\",\"breadcrumb\":{\"@id\":\"https:\\\/\\\/www.ysb.se\\\/da\\\/spa\\\/dagspa\\\/#breadcrumb\"},\"inLanguage\":\"da-DK\",\"potentialAction\":[{\"@type\":\"ReadAction\",\"target\":[\"https:\\\/\\\/www.ysb.se\\\/da\\\/spa\\\/dagspa\\\/\"]}]},{\"@type\":\"BreadcrumbList\",\"@id\":\"https:\\\/\\\/www.ysb.se\\\/da\\\/spa\\\/dagspa\\\/#breadcrumb\",\"itemListElement\":[{\"@type\":\"ListItem\",\"position\":1,\"name\":\"Hem\",\"item\":\"https:\\\/\\\/www.ysb.se\\\/da\\\/\"},{\"@type\":\"ListItem\",\"position\":2,\"name\":\"Lido Club &#038; Spa\",\"item\":\"https:\\\/\\\/www.ysb.se\\\/da\\\/spa\\\/\"},{\"@type\":\"ListItem\",\"position\":3,\"name\":\"Day pass\"}]},{\"@type\":\"WebSite\",\"@id\":\"https:\\\/\\\/www.ysb.se\\\/da\\\/#website\",\"url\":\"https:\\\/\\\/www.ysb.se\\\/da\\\/\",\"name\":\"Ystad Saltsj\u00f6bad\u00ae\",\"description\":\"konferencer Hotel Spa\",\"potentialAction\":[{\"@type\":\"SearchAction\",\"target\":{\"@type\":\"EntryPoint\",\"urlTemplate\":\"https:\\\/\\\/www.ysb.se\\\/da\\\/?s={search_term_string}\"},\"query-input\":{\"@type\":\"PropertyValueSpecification\",\"valueRequired\":true,\"valueName\":\"search_term_string\"}}],\"inLanguage\":\"da-DK\"}]}<\/script>\n<!-- \/ Yoast SEO plugin. -->","yoast_head_json":{"title":"Dagspa-oplevelser | Ystad Saltsj\u00f6bad\u00ae","description":"Nyd dagspa med eller uden behandling p\u00e5 Ystad Saltsj\u00f6bad i Sk\u00e5ne. \u2713 Book nemt online","robots":{"index":"index","follow":"follow","max-snippet":"max-snippet:-1","max-image-preview":"max-image-preview:large","max-video-preview":"max-video-preview:-1"},"canonical":"https:\/\/www.ysb.se\/da\/spa\/dagspa\/","og_locale":"da_DK","og_type":"article","og_title":"Dagspa-oplevelser | Ystad Saltsj\u00f6bad\u00ae","og_description":"Nyd dagspa med eller uden behandling p\u00e5 Ystad Saltsj\u00f6bad i Sk\u00e5ne. \u2713 Book nemt online","og_url":"https:\/\/www.ysb.se\/da\/spa\/dagspa\/","og_site_name":"Ystad Saltsj\u00f6bad\u00ae","article_publisher":"https:\/\/www.facebook.com\/ystadsaltsjobad","article_modified_time":"2026-02-11T08:09:36+00:00","og_image":[{"width":1200,"height":627,"url":"https:\/\/cdn5-8e4c.kxcdn.com\/wp-content\/uploads\/2021\/05\/og-image-ysb.jpg","type":"image\/jpeg"}],"twitter_card":"summary_large_image","twitter_misc":{"Estimeret l\u00e6setid":"1 minut"},"schema":{"@context":"https:\/\/schema.org","@graph":[{"@type":"WebPage","@id":"https:\/\/www.ysb.se\/da\/spa\/dagspa\/","url":"https:\/\/www.ysb.se\/da\/spa\/dagspa\/","name":"Dagspa-oplevelser | Ystad Saltsj\u00f6bad\u00ae","isPartOf":{"@id":"https:\/\/www.ysb.se\/da\/#website"},"datePublished":"2021-08-26T11:40:44+00:00","dateModified":"2026-02-11T08:09:36+00:00","description":"Nyd dagspa med eller uden behandling p\u00e5 Ystad Saltsj\u00f6bad i Sk\u00e5ne. \u2713 Book nemt online","breadcrumb":{"@id":"https:\/\/www.ysb.se\/da\/spa\/dagspa\/#breadcrumb"},"inLanguage":"da-DK","potentialAction":[{"@type":"ReadAction","target":["https:\/\/www.ysb.se\/da\/spa\/dagspa\/"]}]},{"@type":"BreadcrumbList","@id":"https:\/\/www.ysb.se\/da\/spa\/dagspa\/#breadcrumb","itemListElement":[{"@type":"ListItem","position":1,"name":"Hem","item":"https:\/\/www.ysb.se\/da\/"},{"@type":"ListItem","position":2,"name":"Lido Club &#038; Spa","item":"https:\/\/www.ysb.se\/da\/spa\/"},{"@type":"ListItem","position":3,"name":"Day pass"}]},{"@type":"WebSite","@id":"https:\/\/www.ysb.se\/da\/#website","url":"https:\/\/www.ysb.se\/da\/","name":"Ystad Saltsj\u00f6bad\u00ae","description":"konferencer Hotel Spa","potentialAction":[{"@type":"SearchAction","target":{"@type":"EntryPoint","urlTemplate":"https:\/\/www.ysb.se\/da\/?s={search_term_string}"},"query-input":{"@type":"PropertyValueSpecification","valueRequired":true,"valueName":"search_term_string"}}],"inLanguage":"da-DK"}]}},"_links":{"self":[{"href":"https:\/\/www.ysb.se\/da\/wp-json\/wp\/v2\/pages\/51532","targetHints":{"allow":["GET"]}}],"collection":[{"href":"https:\/\/www.ysb.se\/da\/wp-json\/wp\/v2\/pages"}],"about":[{"href":"https:\/\/www.ysb.se\/da\/wp-json\/wp\/v2\/types\/page"}],"author":[{"embeddable":true,"href":"https:\/\/www.ysb.se\/da\/wp-json\/wp\/v2\/users\/41"}],"replies":[{"embeddable":true,"href":"https:\/\/www.ysb.se\/da\/wp-json\/wp\/v2\/comments?post=51532"}],"version-history":[{"count":4,"href":"https:\/\/www.ysb.se\/da\/wp-json\/wp\/v2\/pages\/51532\/revisions"}],"predecessor-version":[{"id":51805,"href":"https:\/\/www.ysb.se\/da\/wp-json\/wp\/v2\/pages\/51532\/revisions\/51805"}],"up":[{"embeddable":true,"href":"https:\/\/www.ysb.se\/da\/wp-json\/wp\/v2\/pages\/51444"}],"wp:attachment":[{"href":"https:\/\/www.ysb.se\/da\/wp-json\/wp\/v2\/media?parent=51532"}],"curies":[{"name":"wp","href":"https:\/\/api.w.org\/{rel}","templated":true}]}}