{"id":49267,"date":"2023-03-08T11:39:21","date_gmt":"2023-03-08T09:39:21","guid":{"rendered":"https:\/\/www.ysb.se\/lost-found\/"},"modified":"2025-08-04T13:01:56","modified_gmt":"2025-08-04T11:01:56","slug":"lost-found","status":"publish","type":"page","link":"https:\/\/www.ysb.se\/en\/lost-found\/","title":{"rendered":"Lost &#038; found"},"content":{"rendered":"<p><div class=\"fusion-fullwidth fullwidth-box fusion-builder-row-1 fusion-flex-container fusion-parallax-none hundred-percent-fullwidth non-hundred-percent-height-scrolling\" style=\"--awb-background-position:right center;--awb-border-color:#ffffff;--awb-border-radius-top-left:0px;--awb-border-radius-top-right:0px;--awb-border-radius-bottom-right:0px;--awb-border-radius-bottom-left:0px;--awb-margin-top:0px;--awb-margin-bottom:0px;--awb-min-height:60vh;--awb-background-image:linear-gradient(180deg, rgba(0,0,0,0.23) 0%,rgba(43,43,43,0.19) 100%),url(https:\/\/cdn5-8e4c.kxcdn.com\/wp-content\/uploads\/2023\/03\/Orangeriet.jpg);;--awb-background-size:cover;--awb-flex-wrap:wrap;\" ><div class=\"fusion-builder-row fusion-row fusion-flex-align-items-center fusion-flex-justify-content-center fusion-flex-content-wrap\" style=\"width:calc( 100% + 25px ) !important;max-width:calc( 100% + 25px ) !important;margin-left: calc(-25px \/ 2 );margin-right: calc(-25px \/ 2 );\"><div class=\"fusion-layout-column fusion_builder_column fusion-builder-column-0 fusion_builder_column_1_1 1_1 fusion-flex-column\" style=\"--awb-bg-size:cover;--awb-width-large:100%;--awb-margin-top-large:0px;--awb-spacing-right-large:12.5px;--awb-margin-bottom-large:0px;--awb-spacing-left-large:12.5px;--awb-width-medium:100%;--awb-order-medium:0;--awb-spacing-right-medium:12.5px;--awb-spacing-left-medium:12.5px;--awb-width-small:100%;--awb-order-small:0;--awb-spacing-right-small:12.5px;--awb-spacing-left-small:12.5px;\"><div class=\"fusion-column-wrapper fusion-column-has-shadow fusion-flex-justify-content-flex-start fusion-content-layout-column\"><div class=\"fusion-title title fusion-title-1 fusion-sep-none fusion-title-center fusion-title-text fusion-title-size-five\" style=\"--awb-text-color:#ffffff;--awb-margin-top-small:8px;--awb-margin-right-small:0px;--awb-margin-bottom-small:16px;--awb-margin-left-small:0px;--awb-font-size:11px;\"><h5 class=\"fusion-title-heading title-heading-center fusion-responsive-typography-calculated\" style=\"margin:0;letter-spacing:6px;text-transform:uppercase;font-size:1em;--fontSize:11;line-height:1.68;\">Forgot something during your stay?<\/h5><\/div><div class=\"fusion-title title fusion-title-2 fusion-sep-none fusion-title-center fusion-title-text fusion-title-size-one\" style=\"--awb-text-color:#ffffff;--awb-margin-bottom:30px;--awb-margin-top-small:8px;--awb-margin-right-small:0px;--awb-margin-bottom-small:30px;--awb-margin-left-small:0px;--awb-font-size:2.7em;\"><h1 class=\"fusion-title-heading title-heading-center fusion-responsive-typography-calculated\" style=\"margin:0;font-size:1em;--fontSize:40.5;line-height:1.2;\">Lost &amp; Found<\/h1><\/div><div style=\"text-align:center;\"><a class=\"fusion-button button-flat fusion-button-default-size button-default fusion-button-default button-1 fusion-button-span-no fusion-button-default-type\" target=\"_self\" href=\"#form\"><span class=\"fusion-button-text awb-button__text awb-button__text--default\">Go to the form<\/span><\/a><\/div><\/div><\/div><\/div><\/div><div class=\"fusion-fullwidth fullwidth-box fusion-builder-row-2 fusion-flex-container nonhundred-percent-fullwidth non-hundred-percent-height-scrolling fusion-custom-z-index\" style=\"--awb-background-repeat:repeat;--awb-border-color:#ffffff;--awb-border-radius-top-left:0px;--awb-border-radius-top-right:0px;--awb-border-radius-bottom-right:0px;--awb-border-radius-bottom-left:0px;--awb-z-index:10;--awb-padding-top:8vh;--awb-padding-right:5%;--awb-padding-bottom:8vh;--awb-padding-left:5%;--awb-padding-top-medium:75px;--awb-padding-right-medium:0px;--awb-padding-bottom-medium:75px;--awb-padding-left-medium:0px;--awb-padding-top-small:5vh;--awb-padding-bottom-small:5vh;--awb-margin-bottom-small:0px;--awb-background-color:#f8f5ef;--awb-flex-wrap:wrap;\" ><div class=\"fusion-builder-row fusion-row fusion-flex-align-items-center fusion-flex-justify-content-center fusion-flex-content-wrap\" style=\"max-width:calc( 1500px + 0px );margin-left: calc(-0px \/ 2 );margin-right: calc(-0px \/ 2 );\"><div class=\"fusion-layout-column fusion_builder_column fusion-builder-column-1 fusion_builder_column_4_5 4_5 fusion-flex-column\" style=\"--awb-padding-top:60px;--awb-padding-right:6%;--awb-padding-bottom:60px;--awb-padding-left:6%;--awb-bg-color:#ffffff;--awb-bg-color-hover:#ffffff;--awb-bg-repeat:repeat;--awb-border-color:#fdf8f0;--awb-border-style:solid;--awb-width-large:80%;--awb-margin-top-large:0px;--awb-spacing-right-large:0px;--awb-margin-bottom-large:0px;--awb-spacing-left-large:0px;--awb-width-medium:100%;--awb-order-medium:0;--awb-spacing-right-medium:0px;--awb-spacing-left-medium:0px;--awb-width-small:100%;--awb-order-small:0;--awb-spacing-right-small:0px;--awb-spacing-left-small:0px;\"><div class=\"fusion-column-wrapper fusion-column-has-shadow fusion-flex-justify-content-flex-start fusion-content-layout-column\"><div class=\"fusion-title title fusion-title-3 fusion-sep-none fusion-title-center fusion-title-text fusion-title-size-two\" style=\"--awb-margin-bottom:10px;--awb-margin-top-small:8px;--awb-margin-right-small:0px;--awb-margin-bottom-small:10px;--awb-margin-left-small:0px;--awb-margin-bottom-medium:10px;--awb-font-size:30px;\"><h2 class=\"fusion-title-heading title-heading-center fusion-responsive-typography-calculated\" style=\"margin:0;font-size:1em;--fontSize:30;line-height:1.26;\">Lost &amp; Found Inquiry Form<\/h2><\/div><div class=\"fusion-menu-anchor\" id=\"form\"><\/div><div class=\"fusion-separator\" style=\"align-self: center;margin-left: auto;margin-right: auto;margin-top:30px;margin-bottom:36px;width:100%;max-width:80px;\"><div class=\"fusion-separator-border sep-single sep-solid\" style=\"--awb-height:20px;--awb-amount:20px;border-color:#252c3f;border-top-width:1px;\"><\/div><\/div><div class=\"fusion-text fusion-text-1 ingress\" style=\"--awb-content-alignment:center;--awb-font-size:16px;--awb-line-height:1.9em;--awb-text-font-family:&quot;Playfair Display&quot;;--awb-text-font-style:normal;--awb-text-font-weight:400;\"><p>If you forgot something after your visit, please fill out the form below.<br \/>\nEnter your name, email, phone number, and a description of the item you\u2019ve forgotten. We\u2019ll get in touch with you shortly.<\/p>\n<\/div><span id=\"faundit-lost-and-found-request-form\"><\/span>\n<script id=\"faundit-lost-and-found-request-script\" type=\"text\/javascript\">\n  var faundit_api = faundit_api || { lang: '\/', embed: 'https:\/\/lost.faundit.com\/ystad-saltsjoebad\/embed', hosted: 'https:\/\/lost.faundit.com\/ystad-saltsjoebad' };\n  (function () {\n    var s1 = document.createElement(\"script\"), s0 = document.getElementsByTagName(\"script\")[0];\n    s1.async = true;\n    s1.src = 'https:\/\/lost.faundit.com\/include-request-form.js';\n    s1.charset = 'UTF-8';\n    s1.setAttribute('crossorigin', '*');\n    s0.parentNode.insertBefore(s1, s0);\n  })();\n<\/script>\n<\/div><\/div><\/div><\/div><\/p>\n","protected":false},"excerpt":{"rendered":"","protected":false},"author":46,"featured_media":0,"parent":0,"menu_order":0,"comment_status":"closed","ping_status":"closed","template":"100-width.php","meta":{"inline_featured_image":false,"footnotes":""},"class_list":["post-49267","page","type-page","status-publish","hentry"],"yoast_head":"<!-- This site is optimized with the Yoast SEO plugin v27.5 - https:\/\/yoast.com\/product\/yoast-seo-wordpress\/ -->\n<title>Lost &amp; found &#8211; Ystad Saltsj\u00f6bad\u00ae<\/title>\n<meta name=\"description\" content=\"Gl\u00f6mt n\u00e5got hos oss efter er vistelse? Fyll i formul\u00e4ret s\u00e5 kontaktar vi dig.\" \/>\n<meta name=\"robots\" content=\"index, nofollow, max-snippet:-1, max-image-preview:large, max-video-preview:-1\" \/>\n<link rel=\"canonical\" href=\"https:\/\/www.ysb.se\/en\/lost-found\/\" \/>\n<meta property=\"og:locale\" content=\"en_US\" \/>\n<meta property=\"og:type\" content=\"article\" \/>\n<meta property=\"og:title\" content=\"Lost &amp; found &#8211; Ystad Saltsj\u00f6bad\u00ae\" \/>\n<meta property=\"og:description\" content=\"Gl\u00f6mt n\u00e5got hos oss efter er vistelse? Fyll i formul\u00e4ret s\u00e5 kontaktar vi dig.\" \/>\n<meta property=\"og:url\" content=\"https:\/\/www.ysb.se\/en\/lost-found\/\" \/>\n<meta property=\"og:site_name\" content=\"Ystad Saltsj\u00f6bad\u00ae\" \/>\n<meta property=\"article:publisher\" content=\"https:\/\/www.facebook.com\/ystadsaltsjobad\" \/>\n<meta property=\"article:modified_time\" content=\"2025-08-04T11:01:56+00:00\" \/>\n<meta property=\"og:image\" content=\"https:\/\/cdn5-8e4c.kxcdn.com\/wp-content\/uploads\/2021\/05\/og-image-ysb.jpg\" \/>\n\t<meta property=\"og:image:width\" content=\"1200\" \/>\n\t<meta property=\"og:image:height\" content=\"627\" \/>\n\t<meta property=\"og:image:type\" content=\"image\/jpeg\" \/>\n<meta name=\"twitter:card\" content=\"summary_large_image\" \/>\n<meta name=\"twitter:label1\" content=\"Est. reading time\" \/>\n\t<meta name=\"twitter:data1\" content=\"1 minute\" \/>\n<script type=\"application\/ld+json\" class=\"yoast-schema-graph\">{\"@context\":\"https:\\\/\\\/schema.org\",\"@graph\":[{\"@type\":\"WebPage\",\"@id\":\"https:\\\/\\\/www.ysb.se\\\/en\\\/lost-found\\\/\",\"url\":\"https:\\\/\\\/www.ysb.se\\\/en\\\/lost-found\\\/\",\"name\":\"Lost & found &#8211; Ystad Saltsj\u00f6bad\u00ae\",\"isPartOf\":{\"@id\":\"https:\\\/\\\/www.ysb.se\\\/en\\\/#website\"},\"datePublished\":\"2023-03-08T09:39:21+00:00\",\"dateModified\":\"2025-08-04T11:01:56+00:00\",\"description\":\"Gl\u00f6mt n\u00e5got hos oss efter er vistelse? Fyll i formul\u00e4ret s\u00e5 kontaktar vi dig.\",\"breadcrumb\":{\"@id\":\"https:\\\/\\\/www.ysb.se\\\/en\\\/lost-found\\\/#breadcrumb\"},\"inLanguage\":\"en-US\",\"potentialAction\":[{\"@type\":\"ReadAction\",\"target\":[\"https:\\\/\\\/www.ysb.se\\\/en\\\/lost-found\\\/\"]}]},{\"@type\":\"BreadcrumbList\",\"@id\":\"https:\\\/\\\/www.ysb.se\\\/en\\\/lost-found\\\/#breadcrumb\",\"itemListElement\":[{\"@type\":\"ListItem\",\"position\":1,\"name\":\"Hem\",\"item\":\"https:\\\/\\\/www.ysb.se\\\/en\\\/\"},{\"@type\":\"ListItem\",\"position\":2,\"name\":\"Lost &#038; found\"}]},{\"@type\":\"WebSite\",\"@id\":\"https:\\\/\\\/www.ysb.se\\\/en\\\/#website\",\"url\":\"https:\\\/\\\/www.ysb.se\\\/en\\\/\",\"name\":\"Ystad Saltsj\u00f6bad\u00ae\",\"description\":\"Conference Hotel Spa\",\"potentialAction\":[{\"@type\":\"SearchAction\",\"target\":{\"@type\":\"EntryPoint\",\"urlTemplate\":\"https:\\\/\\\/www.ysb.se\\\/en\\\/?s={search_term_string}\"},\"query-input\":{\"@type\":\"PropertyValueSpecification\",\"valueRequired\":true,\"valueName\":\"search_term_string\"}}],\"inLanguage\":\"en-US\"}]}<\/script>\n<!-- \/ Yoast SEO plugin. -->","yoast_head_json":{"title":"Lost & found &#8211; Ystad Saltsj\u00f6bad\u00ae","description":"Gl\u00f6mt n\u00e5got hos oss efter er vistelse? Fyll i formul\u00e4ret s\u00e5 kontaktar vi dig.","robots":{"index":"index","follow":"nofollow","max-snippet":"max-snippet:-1","max-image-preview":"max-image-preview:large","max-video-preview":"max-video-preview:-1"},"canonical":"https:\/\/www.ysb.se\/en\/lost-found\/","og_locale":"en_US","og_type":"article","og_title":"Lost & found &#8211; Ystad Saltsj\u00f6bad\u00ae","og_description":"Gl\u00f6mt n\u00e5got hos oss efter er vistelse? Fyll i formul\u00e4ret s\u00e5 kontaktar vi dig.","og_url":"https:\/\/www.ysb.se\/en\/lost-found\/","og_site_name":"Ystad Saltsj\u00f6bad\u00ae","article_publisher":"https:\/\/www.facebook.com\/ystadsaltsjobad","article_modified_time":"2025-08-04T11:01:56+00:00","og_image":[{"width":1200,"height":627,"url":"https:\/\/cdn5-8e4c.kxcdn.com\/wp-content\/uploads\/2021\/05\/og-image-ysb.jpg","type":"image\/jpeg"}],"twitter_card":"summary_large_image","twitter_misc":{"Est. reading time":"1 minute"},"schema":{"@context":"https:\/\/schema.org","@graph":[{"@type":"WebPage","@id":"https:\/\/www.ysb.se\/en\/lost-found\/","url":"https:\/\/www.ysb.se\/en\/lost-found\/","name":"Lost & found &#8211; Ystad Saltsj\u00f6bad\u00ae","isPartOf":{"@id":"https:\/\/www.ysb.se\/en\/#website"},"datePublished":"2023-03-08T09:39:21+00:00","dateModified":"2025-08-04T11:01:56+00:00","description":"Gl\u00f6mt n\u00e5got hos oss efter er vistelse? Fyll i formul\u00e4ret s\u00e5 kontaktar vi dig.","breadcrumb":{"@id":"https:\/\/www.ysb.se\/en\/lost-found\/#breadcrumb"},"inLanguage":"en-US","potentialAction":[{"@type":"ReadAction","target":["https:\/\/www.ysb.se\/en\/lost-found\/"]}]},{"@type":"BreadcrumbList","@id":"https:\/\/www.ysb.se\/en\/lost-found\/#breadcrumb","itemListElement":[{"@type":"ListItem","position":1,"name":"Hem","item":"https:\/\/www.ysb.se\/en\/"},{"@type":"ListItem","position":2,"name":"Lost &#038; found"}]},{"@type":"WebSite","@id":"https:\/\/www.ysb.se\/en\/#website","url":"https:\/\/www.ysb.se\/en\/","name":"Ystad Saltsj\u00f6bad\u00ae","description":"Conference Hotel Spa","potentialAction":[{"@type":"SearchAction","target":{"@type":"EntryPoint","urlTemplate":"https:\/\/www.ysb.se\/en\/?s={search_term_string}"},"query-input":{"@type":"PropertyValueSpecification","valueRequired":true,"valueName":"search_term_string"}}],"inLanguage":"en-US"}]}},"_links":{"self":[{"href":"https:\/\/www.ysb.se\/en\/wp-json\/wp\/v2\/pages\/49267","targetHints":{"allow":["GET"]}}],"collection":[{"href":"https:\/\/www.ysb.se\/en\/wp-json\/wp\/v2\/pages"}],"about":[{"href":"https:\/\/www.ysb.se\/en\/wp-json\/wp\/v2\/types\/page"}],"author":[{"embeddable":true,"href":"https:\/\/www.ysb.se\/en\/wp-json\/wp\/v2\/users\/46"}],"replies":[{"embeddable":true,"href":"https:\/\/www.ysb.se\/en\/wp-json\/wp\/v2\/comments?post=49267"}],"version-history":[{"count":2,"href":"https:\/\/www.ysb.se\/en\/wp-json\/wp\/v2\/pages\/49267\/revisions"}],"predecessor-version":[{"id":49269,"href":"https:\/\/www.ysb.se\/en\/wp-json\/wp\/v2\/pages\/49267\/revisions\/49269"}],"wp:attachment":[{"href":"https:\/\/www.ysb.se\/en\/wp-json\/wp\/v2\/media?parent=49267"}],"curies":[{"name":"wp","href":"https:\/\/api.w.org\/{rel}","templated":true}]}}